{"id":6714,"date":"2024-04-02T12:57:40","date_gmt":"2024-04-02T10:57:40","guid":{"rendered":"https:\/\/agromelca.com\/distributor-erisimi\/"},"modified":"2024-05-23T12:53:09","modified_gmt":"2024-05-23T10:53:09","slug":"distributor-erisimi","status":"publish","type":"page","link":"https:\/\/agromelca.com\/tr\/distributor-erisimi\/","title":{"rendered":"Distrib\u00fct\u00f6r eri\u015fimi"},"content":{"rendered":"","protected":false},"excerpt":{"rendered":"","protected":false},"author":1,"featured_media":0,"parent":0,"menu_order":0,"comment_status":"closed","ping_status":"closed","template":"","meta":{"_acf_changed":false,"footnotes":""},"class_list":["post-6714","page","type-page","status-publish","hentry"],"acf":[],"_links":{"self":[{"href":"https:\/\/agromelca.com\/tr\/wp-json\/wp\/v2\/pages\/6714","targetHints":{"allow":["GET"]}}],"collection":[{"href":"https:\/\/agromelca.com\/tr\/wp-json\/wp\/v2\/pages"}],"about":[{"href":"https:\/\/agromelca.com\/tr\/wp-json\/wp\/v2\/types\/page"}],"author":[{"embeddable":true,"href":"https:\/\/agromelca.com\/tr\/wp-json\/wp\/v2\/users\/1"}],"replies":[{"embeddable":true,"href":"https:\/\/agromelca.com\/tr\/wp-json\/wp\/v2\/comments?post=6714"}],"version-history":[{"count":1,"href":"https:\/\/agromelca.com\/tr\/wp-json\/wp\/v2\/pages\/6714\/revisions"}],"predecessor-version":[{"id":14447,"href":"https:\/\/agromelca.com\/tr\/wp-json\/wp\/v2\/pages\/6714\/revisions\/14447"}],"wp:attachment":[{"href":"https:\/\/agromelca.com\/tr\/wp-json\/wp\/v2\/media?parent=6714"}],"curies":[{"name":"wp","href":"https:\/\/api.w.org\/{rel}","templated":true}]}}