{"id":14373,"date":"2023-07-31T07:43:46","date_gmt":"2023-07-31T05:43:46","guid":{"rendered":"https:\/\/agromelca.com\/platform-boyutlari-ve-olculeri\/"},"modified":"2024-05-07T12:04:28","modified_gmt":"2024-05-07T10:04:28","slug":"platform-boyutlari-ve-olculeri","status":"publish","type":"page","link":"https:\/\/agromelca.com\/tr\/platform-boyutlari-ve-olculeri\/","title":{"rendered":"Platform boyutlar\u0131 ve \u00f6l\u00e7\u00fcleri"},"content":{"rendered":"","protected":false},"excerpt":{"rendered":"","protected":false},"author":1,"featured_media":0,"parent":0,"menu_order":0,"comment_status":"closed","ping_status":"closed","template":"","meta":{"_acf_changed":false,"footnotes":""},"class_list":["post-14373","page","type-page","status-publish","hentry"],"acf":[],"_links":{"self":[{"href":"https:\/\/agromelca.com\/tr\/wp-json\/wp\/v2\/pages\/14373","targetHints":{"allow":["GET"]}}],"collection":[{"href":"https:\/\/agromelca.com\/tr\/wp-json\/wp\/v2\/pages"}],"about":[{"href":"https:\/\/agromelca.com\/tr\/wp-json\/wp\/v2\/types\/page"}],"author":[{"embeddable":true,"href":"https:\/\/agromelca.com\/tr\/wp-json\/wp\/v2\/users\/1"}],"replies":[{"embeddable":true,"href":"https:\/\/agromelca.com\/tr\/wp-json\/wp\/v2\/comments?post=14373"}],"version-history":[{"count":1,"href":"https:\/\/agromelca.com\/tr\/wp-json\/wp\/v2\/pages\/14373\/revisions"}],"predecessor-version":[{"id":14374,"href":"https:\/\/agromelca.com\/tr\/wp-json\/wp\/v2\/pages\/14373\/revisions\/14374"}],"wp:attachment":[{"href":"https:\/\/agromelca.com\/tr\/wp-json\/wp\/v2\/media?parent=14373"}],"curies":[{"name":"wp","href":"https:\/\/api.w.org\/{rel}","templated":true}]}}