{"id":14365,"date":"2023-09-14T11:39:05","date_gmt":"2023-09-14T09:39:05","guid":{"rendered":"https:\/\/agromelca.com\/on-toplayicilar\/"},"modified":"2024-05-07T12:00:33","modified_gmt":"2024-05-07T10:00:33","slug":"on-toplayicilar","status":"publish","type":"page","link":"https:\/\/agromelca.com\/tr\/on-toplayicilar\/","title":{"rendered":"\u00d6n toplay\u0131c\u0131lar"},"content":{"rendered":"","protected":false},"excerpt":{"rendered":"","protected":false},"author":1,"featured_media":0,"parent":0,"menu_order":0,"comment_status":"closed","ping_status":"closed","template":"","meta":{"_acf_changed":false,"footnotes":""},"class_list":["post-14365","page","type-page","status-publish","hentry"],"acf":[],"_links":{"self":[{"href":"https:\/\/agromelca.com\/tr\/wp-json\/wp\/v2\/pages\/14365","targetHints":{"allow":["GET"]}}],"collection":[{"href":"https:\/\/agromelca.com\/tr\/wp-json\/wp\/v2\/pages"}],"about":[{"href":"https:\/\/agromelca.com\/tr\/wp-json\/wp\/v2\/types\/page"}],"author":[{"embeddable":true,"href":"https:\/\/agromelca.com\/tr\/wp-json\/wp\/v2\/users\/1"}],"replies":[{"embeddable":true,"href":"https:\/\/agromelca.com\/tr\/wp-json\/wp\/v2\/comments?post=14365"}],"version-history":[{"count":1,"href":"https:\/\/agromelca.com\/tr\/wp-json\/wp\/v2\/pages\/14365\/revisions"}],"predecessor-version":[{"id":14366,"href":"https:\/\/agromelca.com\/tr\/wp-json\/wp\/v2\/pages\/14365\/revisions\/14366"}],"wp:attachment":[{"href":"https:\/\/agromelca.com\/tr\/wp-json\/wp\/v2\/media?parent=14365"}],"curies":[{"name":"wp","href":"https:\/\/api.w.org\/{rel}","templated":true}]}}