{"id":15471,"date":"2024-05-03T13:22:36","date_gmt":"2024-05-03T11:22:36","guid":{"rendered":"https:\/\/agromelca.com\/videos-de-demonstracao\/"},"modified":"2024-11-28T13:32:19","modified_gmt":"2024-11-28T12:32:19","slug":"videos-de-demonstracao","status":"publish","type":"page","link":"https:\/\/agromelca.com\/pt-pt\/videos-de-demonstracao\/","title":{"rendered":"V\u00eddeos de demonstra\u00e7\u00e3o"},"content":{"rendered":"","protected":false},"excerpt":{"rendered":"","protected":false},"author":1,"featured_media":0,"parent":0,"menu_order":0,"comment_status":"closed","ping_status":"closed","template":"","meta":{"_acf_changed":false,"footnotes":""},"class_list":["post-15471","page","type-page","status-publish","hentry"],"acf":[],"_links":{"self":[{"href":"https:\/\/agromelca.com\/pt-pt\/wp-json\/wp\/v2\/pages\/15471","targetHints":{"allow":["GET"]}}],"collection":[{"href":"https:\/\/agromelca.com\/pt-pt\/wp-json\/wp\/v2\/pages"}],"about":[{"href":"https:\/\/agromelca.com\/pt-pt\/wp-json\/wp\/v2\/types\/page"}],"author":[{"embeddable":true,"href":"https:\/\/agromelca.com\/pt-pt\/wp-json\/wp\/v2\/users\/1"}],"replies":[{"embeddable":true,"href":"https:\/\/agromelca.com\/pt-pt\/wp-json\/wp\/v2\/comments?post=15471"}],"version-history":[{"count":9,"href":"https:\/\/agromelca.com\/pt-pt\/wp-json\/wp\/v2\/pages\/15471\/revisions"}],"predecessor-version":[{"id":15918,"href":"https:\/\/agromelca.com\/pt-pt\/wp-json\/wp\/v2\/pages\/15471\/revisions\/15918"}],"wp:attachment":[{"href":"https:\/\/agromelca.com\/pt-pt\/wp-json\/wp\/v2\/media?parent=15471"}],"curies":[{"name":"wp","href":"https:\/\/api.w.org\/{rel}","templated":true}]}}